{"id":1133,"date":"2020-08-20T04:01:52","date_gmt":"2020-08-20T04:01:52","guid":{"rendered":"http:\/\/ninzio.com\/byron\/?page_id=1133"},"modified":"2021-06-10T08:32:59","modified_gmt":"2021-06-10T08:32:59","slug":"about","status":"publish","type":"page","link":"https:\/\/hbconsulting-ks.com\/?page_id=1133","title":{"rendered":"Rreth nesh"},"content":{"rendered":"\t\t<div data-elementor-type=\"wp-page\" data-elementor-id=\"1133\" class=\"elementor elementor-1133\">\n\t\t\t\t\t\t\t\t\t<section class=\"elementor-section elementor-top-section elementor-element elementor-element-2674014 elementor-section-content-middle elementor-section-boxed elementor-section-height-default elementor-section-height-default\" data-id=\"2674014\" data-element_type=\"section\">\n\t\t\t\t\t\t<div class=\"elementor-container elementor-column-gap-extended\">\n\t\t\t\t\t<div class=\"elementor-column elementor-col-50 elementor-top-column elementor-element elementor-element-c770cef\" data-id=\"c770cef\" data-element_type=\"column\">\n\t\t\t<div class=\"elementor-widget-wrap elementor-element-populated\">\n\t\t\t\t\t\t\t\t<div class=\"elementor-element elementor-element-336698e align-left elementor-widget elementor-widget-mae-headings\" data-id=\"336698e\" data-element_type=\"widget\" data-widget_type=\"mae-headings.default\">\n\t\t\t\t<div class=\"elementor-widget-container\">\n\t\t\t\t\t<div class=\"master-heading\">\n\t        \n\t        \t        <h2 class=\"main-heading\">Rreth nesh<\/h2>\n\t        \n\t        \t        <div class=\"divider\"><\/div>\n\t        \n\t        \t            <div class=\"sub-heading\">H&B CONSULTING Sh.p.k. \u00ebsht\u00eb themeluar n\u00eb Maj 2007. Q\u00eb at\u00ebher\u00eb, ne p\u00ebrpiqemi q\u00eb t\u00eb ofrojm\u00eb dizajnin e cil\u00ebsis\u00eb m\u00eb t\u00eb mir\u00eb, p\u00ebrgatitjen e punisht\u00ebs, vler\u00ebsimet e kostos, nd\u00ebrtimet, riparimet dhe ndryshimet per klient\u00eb q\u00eb kan\u00eb nevoj\u00eb p\u00ebr sh\u00ebrbime nd\u00ebrtimi n\u00eb shkall\u00eb t\u00eb gjer\u00eb, qofshin nd\u00ebrtesa, zyra, magazina, komplekse t\u00eb m\u00ebdha apartamentesh, punime publike etj. H & B CONSULTING Sh.p.k. ruan standardet m\u00eb t\u00eb larta t\u00eb sh\u00ebrbimit n\u00eb industrin\u00eb e nd\u00ebrtimit.<\/div>\n\t        \t    <\/div>\n\t    \t\t<\/div>\n\t\t\t\t<\/div>\n\t\t\t\t<div class=\"elementor-element elementor-element-8b58a54 elementor-widget elementor-widget-spacer\" data-id=\"8b58a54\" data-element_type=\"widget\" data-widget_type=\"spacer.default\">\n\t\t\t\t<div class=\"elementor-widget-container\">\n\t\t\t\t\t<div class=\"elementor-spacer\">\n\t\t\t<div class=\"elementor-spacer-inner\"><\/div>\n\t\t<\/div>\n\t\t\t\t<\/div>\n\t\t\t\t<\/div>\n\t\t\t\t<div class=\"elementor-element elementor-element-0b53586 elementor-widget elementor-widget-mae-list\" data-id=\"0b53586\" data-element_type=\"widget\" data-widget_type=\"mae-list.default\">\n\t\t\t\t<div class=\"elementor-widget-container\">\n\t\t\t\n\t\t<div class=\"master-list align-left\">\n\t\t\t<div class=\"inner\">\n\t\t        <div class=\"icon-wrap\">\n\t\t\t        \t\t\t        \t<i class=\"fas fa-check-circle\"><\/i>\n\t\t\t        \t\t\t\t    \t\t        <\/div> \n\n\t\t        <div class=\"content-wrap\">\n\t\t            Dizajni i cil\u00ebsis\u00eb m\u00eb t\u00eb mir\u00eb\t\t        <\/div>\n\t\t    <\/div>\n\t    <\/div>\n\n\t    \t\t<\/div>\n\t\t\t\t<\/div>\n\t\t\t\t<div class=\"elementor-element elementor-element-ef40200 elementor-widget elementor-widget-mae-list\" data-id=\"ef40200\" data-element_type=\"widget\" data-widget_type=\"mae-list.default\">\n\t\t\t\t<div class=\"elementor-widget-container\">\n\t\t\t\n\t\t<div class=\"master-list align-left\">\n\t\t\t<div class=\"inner\">\n\t\t        <div class=\"icon-wrap\">\n\t\t\t        \t\t\t        \t<i class=\"fas fa-check-circle\"><\/i>\n\t\t\t        \t\t\t\t    \t\t        <\/div> \n\n\t\t        <div class=\"content-wrap\">\n\t\t            Vler\u00ebsimet e kostos\t\t        <\/div>\n\t\t    <\/div>\n\t    <\/div>\n\n\t    \t\t<\/div>\n\t\t\t\t<\/div>\n\t\t\t\t<div class=\"elementor-element elementor-element-f4ac862 elementor-widget elementor-widget-mae-list\" data-id=\"f4ac862\" data-element_type=\"widget\" data-widget_type=\"mae-list.default\">\n\t\t\t\t<div class=\"elementor-widget-container\">\n\t\t\t\n\t\t<div class=\"master-list align-left\">\n\t\t\t<div class=\"inner\">\n\t\t        <div class=\"icon-wrap\">\n\t\t\t        \t\t\t        \t<i class=\"fas fa-check-circle\"><\/i>\n\t\t\t        \t\t\t\t    \t\t        <\/div> \n\n\t\t        <div class=\"content-wrap\">\n\t\t            Nd\u00ebrtimet e larta dhe ulta\t\t        <\/div>\n\t\t    <\/div>\n\t    <\/div>\n\n\t    \t\t<\/div>\n\t\t\t\t<\/div>\n\t\t\t\t<div class=\"elementor-element elementor-element-4ee441c elementor-widget elementor-widget-spacer\" data-id=\"4ee441c\" data-element_type=\"widget\" data-widget_type=\"spacer.default\">\n\t\t\t\t<div class=\"elementor-widget-container\">\n\t\t\t\t\t<div class=\"elementor-spacer\">\n\t\t\t<div class=\"elementor-spacer-inner\"><\/div>\n\t\t<\/div>\n\t\t\t\t<\/div>\n\t\t\t\t<\/div>\n\t\t\t\t<div class=\"elementor-element elementor-element-9d20b38 align-left elementor-widget elementor-widget-mae-button\" data-id=\"9d20b38\" data-element_type=\"widget\" data-widget_type=\"mae-button.default\">\n\t\t\t\t<div class=\"elementor-widget-container\">\n\t\t\t\n        <a class=\"master-button btn-accent icon-none small\" href=\"#\" >\n                        <span>Projektet tona<\/span>\n                    <\/a>\n\n        \t\t<\/div>\n\t\t\t\t<\/div>\n\t\t\t\t\t<\/div>\n\t\t<\/div>\n\t\t\t\t<div class=\"elementor-column elementor-col-50 elementor-top-column elementor-element elementor-element-9a8be8f\" data-id=\"9a8be8f\" data-element_type=\"column\">\n\t\t\t<div class=\"elementor-widget-wrap elementor-element-populated\">\n\t\t\t\t\t\t\t\t<div class=\"elementor-element elementor-element-c23d503 elementor-widget elementor-widget-mae-parallax-image\" data-id=\"c23d503\" data-element_type=\"widget\" data-widget_type=\"mae-parallax-image.default\">\n\t\t\t\t<div class=\"elementor-widget-container\">\n\t\t\t\t\t<div class=\"master-parallax-box\">\n\t\t\t<div class=\"parallax-wrap\">\n\t\t\t\t\t\t\t\t\t<div class=\"master-parallax-item elementor-repeater-item-9e2ec66\" style=\"\" data-parallax='{\"x\" : -50, \"y\" : 0, \"smoothness\" : 30}' data-top=\"0px\"><img decoding=\"async\" src=\"https:\/\/ninzio.com\/byron\/wp-content\/uploads\/2020\/08\/image-22.jpg\" alt=\"\"><\/div>\t\t\t\t\t\t\t\t\t<div class=\"master-parallax-item elementor-repeater-item-20e363a\" style=\"\" data-parallax='{\"x\" : 50, \"y\" : 0, \"smoothness\" : 30}' data-top=\"50px\"><img decoding=\"async\" src=\"https:\/\/ninzio.com\/byron\/wp-content\/uploads\/2020\/08\/image-23.jpg\" alt=\"\"><\/div>\t\t\t\t\t\t\t<\/div>\n\t\t<\/div>\n\t    \t\t<\/div>\n\t\t\t\t<\/div>\n\t\t\t\t\t<\/div>\n\t\t<\/div>\n\t\t\t\t\t\t\t<\/div>\n\t\t<\/section>\n\t\t\t\t<section class=\"elementor-section elementor-top-section elementor-element elementor-element-cc9b8e8 elementor-section-boxed elementor-section-height-default elementor-section-height-default\" data-id=\"cc9b8e8\" data-element_type=\"section\">\n\t\t\t\t\t\t<div class=\"elementor-container elementor-column-gap-default\">\n\t\t\t\t\t<div class=\"elementor-column elementor-col-100 elementor-top-column elementor-element elementor-element-b9a1bfc\" data-id=\"b9a1bfc\" data-element_type=\"column\">\n\t\t\t<div class=\"elementor-widget-wrap elementor-element-populated\">\n\t\t\t\t\t\t\t\t<div class=\"elementor-element elementor-element-2de59e9 elementor-widget elementor-widget-spacer\" data-id=\"2de59e9\" data-element_type=\"widget\" data-widget_type=\"spacer.default\">\n\t\t\t\t<div class=\"elementor-widget-container\">\n\t\t\t\t\t<div class=\"elementor-spacer\">\n\t\t\t<div class=\"elementor-spacer-inner\"><\/div>\n\t\t<\/div>\n\t\t\t\t<\/div>\n\t\t\t\t<\/div>\n\t\t\t\t\t<\/div>\n\t\t<\/div>\n\t\t\t\t\t\t\t<\/div>\n\t\t<\/section>\n\t\t\t\t<section class=\"elementor-section elementor-top-section elementor-element elementor-element-c49f97b elementor-section-stretched elementor-section-full_width elementor-section-height-default elementor-section-height-default\" data-id=\"c49f97b\" data-element_type=\"section\" data-settings=\"{&quot;stretch_section&quot;:&quot;section-stretched&quot;,&quot;background_background&quot;:&quot;classic&quot;}\">\n\t\t\t\t\t\t<div class=\"elementor-container elementor-column-gap-default\">\n\t\t\t\t\t<div class=\"elementor-column elementor-col-100 elementor-top-column elementor-element elementor-element-f2b4d01\" data-id=\"f2b4d01\" data-element_type=\"column\">\n\t\t\t<div class=\"elementor-widget-wrap elementor-element-populated\">\n\t\t\t\t\t\t\t\t<div class=\"elementor-element elementor-element-202d173 elementor-widget elementor-widget-spacer\" data-id=\"202d173\" data-element_type=\"widget\" data-widget_type=\"spacer.default\">\n\t\t\t\t<div class=\"elementor-widget-container\">\n\t\t\t\t\t<div class=\"elementor-spacer\">\n\t\t\t<div class=\"elementor-spacer-inner\"><\/div>\n\t\t<\/div>\n\t\t\t\t<\/div>\n\t\t\t\t<\/div>\n\t\t\t\t<div class=\"elementor-element elementor-element-4e9e763 align-center elementor-widget elementor-widget-mae-headings\" data-id=\"4e9e763\" data-element_type=\"widget\" data-widget_type=\"mae-headings.default\">\n\t\t\t\t<div class=\"elementor-widget-container\">\n\t\t\t\t\t<div class=\"master-heading\">\n\t        \n\t        \t        <h2 class=\"main-heading\">\u00c7far\u00eb b\u00ebjm\u00eb<\/h2>\n\t        \n\t        \n\t        \t            <div class=\"sub-heading\">P\u00ebr m\u00eb se 14 vite, HB Consulting ka fituar reputacionin m\u00eb t\u00eb mir\u00eb n\u00eb idustrin\u00eb e nd\u00ebrtimeve, duke ua mund\u00ebsuar klient\u00ebve t\u00eb p\u00ebrmbushin vizionet e tyre.<\/div>\n\t        \t    <\/div>\n\t    \t\t<\/div>\n\t\t\t\t<\/div>\n\t\t\t\t<div class=\"elementor-element elementor-element-90619ab elementor-widget elementor-widget-spacer\" data-id=\"90619ab\" data-element_type=\"widget\" data-widget_type=\"spacer.default\">\n\t\t\t\t<div class=\"elementor-widget-container\">\n\t\t\t\t\t<div class=\"elementor-spacer\">\n\t\t\t<div class=\"elementor-spacer-inner\"><\/div>\n\t\t<\/div>\n\t\t\t\t<\/div>\n\t\t\t\t<\/div>\n\t\t\t\t<section class=\"elementor-section elementor-inner-section elementor-element elementor-element-139afda elementor-section-boxed elementor-section-height-default elementor-section-height-default\" data-id=\"139afda\" data-element_type=\"section\">\n\t\t\t\t\t\t<div class=\"elementor-container elementor-column-gap-extended\">\n\t\t\t\t\t<div class=\"elementor-column elementor-col-50 elementor-inner-column elementor-element elementor-element-8258d77\" data-id=\"8258d77\" data-element_type=\"column\">\n\t\t\t<div class=\"elementor-widget-wrap elementor-element-populated\">\n\t\t\t\t\t\t\t\t<div class=\"elementor-element elementor-element-066af53 elementor-widget elementor-widget-mae-fancy-image\" data-id=\"066af53\" data-element_type=\"widget\" data-widget_type=\"mae-fancy-image.default\">\n\t\t\t\t<div class=\"elementor-widget-container\">\n\t\t\t\n\t\t\t<div class=\"master-fancy-image reveal lr\" data-in-viewport=\"true\">\n\t\t\t\t<figure>\n\t\t\t\t\t<img loading=\"lazy\" decoding=\"async\" width=\"570\" height=\"370\" src=\"https:\/\/hbconsulting-ks.com\/wp-content\/uploads\/2020\/08\/image-24.jpg\" class=\"attachment-full size-full wp-image-1149\" alt=\"\" srcset=\"https:\/\/hbconsulting-ks.com\/wp-content\/uploads\/2020\/08\/image-24.jpg 570w, https:\/\/hbconsulting-ks.com\/wp-content\/uploads\/2020\/08\/image-24-535x347.jpg 535w, https:\/\/hbconsulting-ks.com\/wp-content\/uploads\/2020\/08\/image-24-300x195.jpg 300w\" sizes=\"auto, (max-width: 570px) 100vw, 570px\" \/>\t\t\t\t<\/figure>\n\n\t\t        \t\t\t\t\t<div class=\"master-video-icon\">\n\t\t\t\t\t\t<div class=\"btn-inner\">\n\t\t\t\t\t        <a class=\"btn-play popup-video elementor-animation-pulse-shrink\" href=\"https:\/\/www.youtube.com\/watch?v=nEntUzCFXv4\">\n\t\t\t\t\t        \t<i class=\"fas fa-play\"><\/i>\n\t\t\t\t\t        \t<span class=\"circle-1\"><\/span>\n\t\t\t\t\t\t\t\t<span class=\"circle-2\"><\/span>\n\t\t\t\t\t        <\/a>\n\t\t\t\t        <\/div>\n\t\t\t\t    <\/div>\n\t\t        \t\t\t<\/div>\n\n\t\t\t\t<\/div>\n\t\t\t\t<\/div>\n\t\t\t\t\t<\/div>\n\t\t<\/div>\n\t\t\t\t<div class=\"elementor-column elementor-col-50 elementor-inner-column elementor-element elementor-element-6f862df\" data-id=\"6f862df\" data-element_type=\"column\">\n\t\t\t<div class=\"elementor-widget-wrap elementor-element-populated\">\n\t\t\t\t\t\t\t\t<div class=\"elementor-element elementor-element-ec1dee0 align-left elementor-widget elementor-widget-mae-headings\" data-id=\"ec1dee0\" data-element_type=\"widget\" data-widget_type=\"mae-headings.default\">\n\t\t\t\t<div class=\"elementor-widget-container\">\n\t\t\t\t\t<div class=\"master-heading\">\n\t        \n\t        \t        <h2 class=\"main-heading\">Ne gjithmon\u00eb ofrojm\u00eb rezultate t\u00eb q\u00ebndrueshme  dhe shpesh t\u00eb jasht\u00ebzakonshme p\u00ebr klient\u00ebt tan\u00eb<\/h2>\n\t        \n\t        \t        <div class=\"divider\"><\/div>\n\t        \n\t        \t            <div class=\"sub-heading\">Aktivitetet arkitektonike dhe inxhinierike.\nKonsulencat q\u00eb lidhen me \u00e7\u00ebshtjet teknike.\nNd\u00ebrtimi i p\u00ebrgjithsh\u00ebm i nd\u00ebrtesave dhe inxhinieris\u00eb civile.\nTeste t\u00eb shpuarjes dhe shpime.\nPun\u00ebt e hidroteknik\u00ebs.\nRekrutimi i pun\u00ebtor\u00ebve.\nAktivitetet e konsulenc\u00ebs s\u00eb biznesit dhe menaxhimit.<\/div>\n\t        \t    <\/div>\n\t    \t\t<\/div>\n\t\t\t\t<\/div>\n\t\t\t\t<div class=\"elementor-element elementor-element-d89554b elementor-widget elementor-widget-spacer\" data-id=\"d89554b\" data-element_type=\"widget\" data-widget_type=\"spacer.default\">\n\t\t\t\t<div class=\"elementor-widget-container\">\n\t\t\t\t\t<div class=\"elementor-spacer\">\n\t\t\t<div class=\"elementor-spacer-inner\"><\/div>\n\t\t<\/div>\n\t\t\t\t<\/div>\n\t\t\t\t<\/div>\n\t\t\t\t<div class=\"elementor-element elementor-element-8d31c08 align-left elementor-widget elementor-widget-mae-button\" data-id=\"8d31c08\" data-element_type=\"widget\" data-widget_type=\"mae-button.default\">\n\t\t\t\t<div class=\"elementor-widget-container\">\n\t\t\t\n        <a class=\"master-button btn-accent icon-right medium\" href=\"#\" >\n                        <span>Aktivitetet tona<\/span>\n            <span class=\"icon fa fa-arrow-right\"><\/span>        <\/a>\n\n        \t\t<\/div>\n\t\t\t\t<\/div>\n\t\t\t\t\t<\/div>\n\t\t<\/div>\n\t\t\t\t\t\t\t<\/div>\n\t\t<\/section>\n\t\t\t\t<div class=\"elementor-element elementor-element-292e81d elementor-widget elementor-widget-spacer\" data-id=\"292e81d\" data-element_type=\"widget\" data-widget_type=\"spacer.default\">\n\t\t\t\t<div class=\"elementor-widget-container\">\n\t\t\t\t\t<div class=\"elementor-spacer\">\n\t\t\t<div class=\"elementor-spacer-inner\"><\/div>\n\t\t<\/div>\n\t\t\t\t<\/div>\n\t\t\t\t<\/div>\n\t\t\t\t<section class=\"elementor-section elementor-inner-section elementor-element elementor-element-172cad5 elementor-section-boxed elementor-section-height-default elementor-section-height-default\" data-id=\"172cad5\" data-element_type=\"section\">\n\t\t\t\t\t\t<div class=\"elementor-container elementor-column-gap-extended\">\n\t\t\t\t\t<div class=\"elementor-column elementor-col-100 elementor-inner-column elementor-element elementor-element-8166760\" data-id=\"8166760\" data-element_type=\"column\">\n\t\t\t<div class=\"elementor-widget-wrap elementor-element-populated\">\n\t\t\t\t\t\t\t\t<div class=\"elementor-element elementor-element-e4fa1c3 elementor-widget elementor-widget-text-editor\" data-id=\"e4fa1c3\" data-element_type=\"widget\" data-widget_type=\"text-editor.default\">\n\t\t\t\t<div class=\"elementor-widget-container\">\n\t\t\t\t\t\t\t<h1>Kapacitetet e kompanis\u00eb<\/h1><p><strong>\u00a0<\/strong><\/p><p><strong>Burimet njer\u00ebzore<\/strong><\/p><ul><li><strong>Ne kemi nj\u00eb staf t\u00eb kualifikuar prej 16 pun\u00ebtor\u00ebsh t\u00eb p\u00ebrhersh\u00ebm.<\/strong><\/li><\/ul><p><strong>\u00a0<\/strong><\/p><p><strong>Teknike<\/strong><\/p><ul><li><strong>Kapaciteti i Kompanis\u00eb p\u00ebr Projektim me t\u00eb gjitha Kualifikimet dhe \u00c7ertifikimet e nevojshme.<\/strong><\/li><li>Stafi yn\u00eb \u00ebsht\u00eb i kualifikuar me diploma universitare, t\u00eb profileve t\u00eb ndrysh\u00ebm si:<\/li><\/ul><p><strong>Arkitekt\u00eb; Inxhinier\u00eb t\u00eb Nd\u00ebrtimit \u2013 Sektori i nd\u00ebrtimit; Sektori i sistemeve t\u00eb Elektro-energjetik\u00ebs; Sektori hidroteknik; Sektori i nd\u00ebrtimit mekanik dhe makineria, etj.<\/strong><\/p><p><strong>\u00a0<\/strong><\/p><ul><li><strong>\u00c7ertifikuar me ISO 9001:2008 ; EN ISO 3834-2:2005 ; OHSAS 18001:2007 ; ISO 14001:2015<\/strong><\/li><\/ul><p><strong>\u00a0<\/strong><\/p><p><strong>T\u00eb tjera<\/strong><\/p><ul><li><strong>Referencat dhe<\/strong><strong>\u00a0storjet e suksesit i gjeni tek Portfolio<\/strong><\/li><\/ul>\t\t\t\t\t\t<\/div>\n\t\t\t\t<\/div>\n\t\t\t\t\t<\/div>\n\t\t<\/div>\n\t\t\t\t\t\t\t<\/div>\n\t\t<\/section>\n\t\t\t\t<section class=\"elementor-section elementor-inner-section elementor-element elementor-element-49c4de7 elementor-section-boxed elementor-section-height-default elementor-section-height-default\" data-id=\"49c4de7\" data-element_type=\"section\">\n\t\t\t\t\t\t<div class=\"elementor-container elementor-column-gap-extended\">\n\t\t\t\t\t<div class=\"elementor-column elementor-col-25 elementor-inner-column elementor-element elementor-element-023c9d1\" data-id=\"023c9d1\" data-element_type=\"column\">\n\t\t\t<div class=\"elementor-widget-wrap elementor-element-populated\">\n\t\t\t\t\t\t\t\t<div class=\"elementor-element elementor-element-4892500 elementor-widget elementor-widget-mae-counter\" data-id=\"4892500\" data-element_type=\"widget\" data-widget_type=\"mae-counter.default\">\n\t\t\t\t<div class=\"elementor-widget-container\">\n\t\t\t\t\t\t\t\t<div class=\"master-counter align-center icon-inline-yes\">\n\t\t\t\t<h4 class=\"title\">Pun\u00ebtor\u00eb nd\u00ebrtimi<\/h4>\n\t\t\t\t<div class=\"inner\">\n\t\t\t        <div class=\"icon-wrap\">\n\t\t\t\t        <i class=\"byr byr-engineer1\"><\/i>\t\t\t        <\/div>\n\n\t\t\t        <div class=\"number-wrap\">\n\t\t\t\t        <span class=\"number\" data-to=\"180\" data-time= \"2000\"><\/span><span>+<\/span>\n\t\t\t        <\/div>\n\t\t\t    <\/div>\n\t\t    <\/div>\n\t    \t    \t\t<\/div>\n\t\t\t\t<\/div>\n\t\t\t\t\t<\/div>\n\t\t<\/div>\n\t\t\t\t<div class=\"elementor-column elementor-col-25 elementor-inner-column elementor-element elementor-element-9aeb05a\" data-id=\"9aeb05a\" data-element_type=\"column\">\n\t\t\t<div class=\"elementor-widget-wrap elementor-element-populated\">\n\t\t\t\t\t\t\t\t<div class=\"elementor-element elementor-element-edabe87 elementor-widget elementor-widget-mae-counter\" data-id=\"edabe87\" data-element_type=\"widget\" data-widget_type=\"mae-counter.default\">\n\t\t\t\t<div class=\"elementor-widget-container\">\n\t\t\t\t\t\t\t\t<div class=\"master-counter align-center icon-inline-yes\">\n\t\t\t\t<h4 class=\"title\">Projekte t\u00eb kompletuara<\/h4>\n\t\t\t\t<div class=\"inner\">\n\t\t\t        <div class=\"icon-wrap\">\n\t\t\t\t        <i class=\"byr byr-ruler-4\"><\/i>\t\t\t        <\/div>\n\n\t\t\t        <div class=\"number-wrap\">\n\t\t\t\t        <span class=\"number\" data-to=\"88\" data-time= \"2000\"><\/span><span>+<\/span>\n\t\t\t        <\/div>\n\t\t\t    <\/div>\n\t\t    <\/div>\n\t    \t    \t\t<\/div>\n\t\t\t\t<\/div>\n\t\t\t\t\t<\/div>\n\t\t<\/div>\n\t\t\t\t<div class=\"elementor-column elementor-col-25 elementor-inner-column elementor-element elementor-element-c8ad037\" data-id=\"c8ad037\" data-element_type=\"column\">\n\t\t\t<div class=\"elementor-widget-wrap elementor-element-populated\">\n\t\t\t\t\t\t\t\t<div class=\"elementor-element elementor-element-1349b46 elementor-widget elementor-widget-mae-counter\" data-id=\"1349b46\" data-element_type=\"widget\" data-widget_type=\"mae-counter.default\">\n\t\t\t\t<div class=\"elementor-widget-container\">\n\t\t\t\t\t\t\t\t<div class=\"master-counter align-center icon-inline-yes\">\n\t\t\t\t<h4 class=\"title\">Dizajne<\/h4>\n\t\t\t\t<div class=\"inner\">\n\t\t\t        <div class=\"icon-wrap\">\n\t\t\t\t        <i class=\"byr byr-pantone\"><\/i>\t\t\t        <\/div>\n\n\t\t\t        <div class=\"number-wrap\">\n\t\t\t\t        <span class=\"number\" data-to=\"140\" data-time= \"2000\"><\/span><span>+<\/span>\n\t\t\t        <\/div>\n\t\t\t    <\/div>\n\t\t    <\/div>\n\t    \t    \t\t<\/div>\n\t\t\t\t<\/div>\n\t\t\t\t\t<\/div>\n\t\t<\/div>\n\t\t\t\t<div class=\"elementor-column elementor-col-25 elementor-inner-column elementor-element elementor-element-23b44df\" data-id=\"23b44df\" data-element_type=\"column\">\n\t\t\t<div class=\"elementor-widget-wrap elementor-element-populated\">\n\t\t\t\t\t\t\t\t<div class=\"elementor-element elementor-element-3ada881 elementor-widget elementor-widget-mae-counter\" data-id=\"3ada881\" data-element_type=\"widget\" data-widget_type=\"mae-counter.default\">\n\t\t\t\t<div class=\"elementor-widget-container\">\n\t\t\t\t\t\t\t\t<div class=\"master-counter align-center icon-inline-yes\">\n\t\t\t\t<h4 class=\"title\">Pun\u00ebtori<\/h4>\n\t\t\t\t<div class=\"inner\">\n\t\t\t        <div class=\"icon-wrap\">\n\t\t\t\t        <i class=\"byr byr-wheelbarrow\"><\/i>\t\t\t        <\/div>\n\n\t\t\t        <div class=\"number-wrap\">\n\t\t\t\t        <span class=\"number\" data-to=\"13\" data-time= \"2000\"><\/span><span>+<\/span>\n\t\t\t        <\/div>\n\t\t\t    <\/div>\n\t\t    <\/div>\n\t    \t    \t\t<\/div>\n\t\t\t\t<\/div>\n\t\t\t\t\t<\/div>\n\t\t<\/div>\n\t\t\t\t\t\t\t<\/div>\n\t\t<\/section>\n\t\t\t\t<div class=\"elementor-element elementor-element-7b7070d elementor-widget elementor-widget-spacer\" data-id=\"7b7070d\" data-element_type=\"widget\" data-widget_type=\"spacer.default\">\n\t\t\t\t<div class=\"elementor-widget-container\">\n\t\t\t\t\t<div class=\"elementor-spacer\">\n\t\t\t<div class=\"elementor-spacer-inner\"><\/div>\n\t\t<\/div>\n\t\t\t\t<\/div>\n\t\t\t\t<\/div>\n\t\t\t\t<div class=\"elementor-element elementor-element-6cdf931 elementor-widget elementor-widget-mae-partner-carousel\" data-id=\"6cdf931\" data-element_type=\"widget\" data-widget_type=\"mae-partner-carousel.default\">\n\t\t\t\t<div class=\"elementor-widget-container\">\n\t\t\t\n        <div class=\"master-carousel-box\" data-config='{\"column\":\"4\",\"gap\":\"30px\",\"arrowPosition\":null,\"arrowMiddleOffset\":null,\"arrowTopOffset\":null,\"dotOffset\":null,\"fullRight\":false,\"autoPlay\":true,\"prevNextButtons\":false,\"pageDots\":false}'>\n                            <div class=\"master-partner item-carousel\">\n                    <a href=\"#\">\n                        <img decoding=\"async\" alt=\"Logo\" src=\"https:\/\/ninzio.com\/byron\/wp-content\/uploads\/2020\/08\/partner-05.png\" \/>\n                    <\/a>\n                <\/div>\n                            <div class=\"master-partner item-carousel\">\n                    <a href=\"#\">\n                        <img decoding=\"async\" alt=\"Logo\" src=\"https:\/\/ninzio.com\/byron\/wp-content\/uploads\/2020\/08\/partner-06.png\" \/>\n                    <\/a>\n                <\/div>\n                            <div class=\"master-partner item-carousel\">\n                    <a href=\"#\">\n                        <img decoding=\"async\" alt=\"Logo\" src=\"https:\/\/ninzio.com\/byron\/wp-content\/uploads\/2020\/08\/partner-07.png\" \/>\n                    <\/a>\n                <\/div>\n                            <div class=\"master-partner item-carousel\">\n                    <a href=\"#\">\n                        <img decoding=\"async\" alt=\"Logo\" src=\"https:\/\/ninzio.com\/byron\/wp-content\/uploads\/2020\/08\/partner-08.png\" \/>\n                    <\/a>\n                <\/div>\n                    <\/div>\n\n        \t\t<\/div>\n\t\t\t\t<\/div>\n\t\t\t\t\t<\/div>\n\t\t<\/div>\n\t\t\t\t\t\t\t<\/div>\n\t\t<\/section>\n\t\t\t\t\t\t\t<\/div>\n\t\t","protected":false},"excerpt":{"rendered":"<p>Rreth nesh H&#038;B CONSULTING Sh.p.k. \u00ebsht\u00eb themeluar n\u00eb Maj 2007. Q\u00eb at\u00ebher\u00eb, ne p\u00ebrpiqemi q\u00eb t\u00eb ofrojm\u00eb dizajnin e cil\u00ebsis\u00eb m\u00eb t\u00eb mir\u00eb, p\u00ebrgatitjen e punisht\u00ebs, vler\u00ebsimet e kostos, nd\u00ebrtimet, riparimet dhe ndryshimet per klient\u00eb q\u00eb kan\u00eb nevoj\u00eb p\u00ebr sh\u00ebrbime nd\u00ebrtimi n\u00eb shkall\u00eb t\u00eb gjer\u00eb, qofshin nd\u00ebrtesa,<\/p>\n","protected":false},"author":1,"featured_media":0,"parent":0,"menu_order":0,"comment_status":"closed","ping_status":"closed","template":"","meta":{"footnotes":""},"class_list":["post-1133","page","type-page","status-publish","hentry"],"_links":{"self":[{"href":"https:\/\/hbconsulting-ks.com\/index.php?rest_route=\/wp\/v2\/pages\/1133","targetHints":{"allow":["GET"]}}],"collection":[{"href":"https:\/\/hbconsulting-ks.com\/index.php?rest_route=\/wp\/v2\/pages"}],"about":[{"href":"https:\/\/hbconsulting-ks.com\/index.php?rest_route=\/wp\/v2\/types\/page"}],"author":[{"embeddable":true,"href":"https:\/\/hbconsulting-ks.com\/index.php?rest_route=\/wp\/v2\/users\/1"}],"replies":[{"embeddable":true,"href":"https:\/\/hbconsulting-ks.com\/index.php?rest_route=%2Fwp%2Fv2%2Fcomments&post=1133"}],"version-history":[{"count":35,"href":"https:\/\/hbconsulting-ks.com\/index.php?rest_route=\/wp\/v2\/pages\/1133\/revisions"}],"predecessor-version":[{"id":2390,"href":"https:\/\/hbconsulting-ks.com\/index.php?rest_route=\/wp\/v2\/pages\/1133\/revisions\/2390"}],"wp:attachment":[{"href":"https:\/\/hbconsulting-ks.com\/index.php?rest_route=%2Fwp%2Fv2%2Fmedia&parent=1133"}],"curies":[{"name":"wp","href":"https:\/\/api.w.org\/{rel}","templated":true}]}}