{"id":1169,"date":"2020-08-20T14:23:36","date_gmt":"2020-08-20T14:23:36","guid":{"rendered":"http:\/\/ninzio.com\/byron\/?page_id=1169"},"modified":"2021-03-18T15:46:43","modified_gmt":"2021-03-18T15:46:43","slug":"contact","status":"publish","type":"page","link":"https:\/\/hbconsulting-ks.com\/?page_id=1169","title":{"rendered":"Kontakti"},"content":{"rendered":"\t\t<div data-elementor-type=\"wp-page\" data-elementor-id=\"1169\" class=\"elementor elementor-1169\">\n\t\t\t\t\t\t\t\t\t<section class=\"elementor-section elementor-top-section elementor-element elementor-element-1d6d3f3 elementor-section-boxed elementor-section-height-default elementor-section-height-default\" data-id=\"1d6d3f3\" data-element_type=\"section\">\n\t\t\t\t\t\t<div class=\"elementor-container elementor-column-gap-no\">\n\t\t\t\t\t<div class=\"elementor-column elementor-col-33 elementor-top-column elementor-element elementor-element-707ed01\" data-id=\"707ed01\" data-element_type=\"column\">\n\t\t\t<div class=\"elementor-widget-wrap elementor-element-populated\">\n\t\t\t\t\t\t\t\t<div class=\"elementor-element elementor-element-2f4b628 hover-effect-none elementor-widget elementor-widget-mae-service-box\" data-id=\"2f4b628\" data-element_type=\"widget\" data-widget_type=\"mae-service-box.default\">\n\t\t\t\t<div class=\"elementor-widget-container\">\n\t\t\t        <div class=\"master-service mlr-1798542102 item-carousel  \">\n            \n            <div class=\"content-wrap\">\n                <h3 class=\"headline-2\">T\u00eb hapur p\u00ebr takime<\/h3><div class=\"desc\"><p>Ne ofrojm\u00eb mund\u00ebsin\u00eb p\u00ebr takime falas p\u00ebr klient\u00ebt dhe partner\u00ebt ton\u00eb potencial. Prandaj shqyrtojeni k\u00ebt\u00eb mund\u00ebsi.<\/p><\/div>            <div class=\"url-wrap\">\n                <a class=\"master-link  icon-right\" href=\"#\" >\n                                        <span>Na kontaktoni<\/span>\n                    <span class=\"icon fa fa-arrow-right\"><\/span>                <\/a>\n            <\/div>\n\n                        <\/div>\n        <\/div>\n\n        \t\t<\/div>\n\t\t\t\t<\/div>\n\t\t\t\t\t<\/div>\n\t\t<\/div>\n\t\t\t\t<div class=\"elementor-column elementor-col-33 elementor-top-column elementor-element elementor-element-ce2c9f2\" data-id=\"ce2c9f2\" data-element_type=\"column\">\n\t\t\t<div class=\"elementor-widget-wrap elementor-element-populated\">\n\t\t\t\t\t\t\t\t<div class=\"elementor-element elementor-element-d5dd6e6 hover-effect-none elementor-widget elementor-widget-mae-service-box\" data-id=\"d5dd6e6\" data-element_type=\"widget\" data-widget_type=\"mae-service-box.default\">\n\t\t\t\t<div class=\"elementor-widget-container\">\n\t\t\t        <div class=\"master-service mlr-877062503 item-carousel  \">\n            \n            <div class=\"content-wrap\">\n                <h3 class=\"headline-2\"><i class=\"fa fa-phone font-size-20\" style=\"margin-right:10px;transform: translateY(-2px);\"><\/i>+383(0)38 555 292<\/h3><div class=\"desc\">Ekipi i jon\u00eb i dedikuar ndaj konsumator\u00ebve \u00ebsht\u00eb i gatsh\u00ebm t\u00eb komunikoj me ju n\u00eb distanc\u00eb q\u00eb t'i zgjidh hallet tuaja.<\/div>            <div class=\"url-wrap\">\n                <a class=\"master-link  icon-right\" href=\"#\" >\n                                        <span>Thirrni tani<\/span>\n                    <span class=\"icon fa fa-arrow-right\"><\/span>                <\/a>\n            <\/div>\n\n                        <\/div>\n        <\/div>\n\n        \t\t<\/div>\n\t\t\t\t<\/div>\n\t\t\t\t\t<\/div>\n\t\t<\/div>\n\t\t\t\t<div class=\"elementor-column elementor-col-33 elementor-top-column elementor-element elementor-element-d74c519\" data-id=\"d74c519\" data-element_type=\"column\">\n\t\t\t<div class=\"elementor-widget-wrap elementor-element-populated\">\n\t\t\t\t\t\t\t\t<div class=\"elementor-element elementor-element-ddf959b hover-effect-none elementor-widget elementor-widget-mae-service-box\" data-id=\"ddf959b\" data-element_type=\"widget\" data-widget_type=\"mae-service-box.default\">\n\t\t\t\t<div class=\"elementor-widget-container\">\n\t\t\t        <div class=\"master-service mlr-48119858 item-carousel  \">\n            \n            <div class=\"content-wrap\">\n                <h3 class=\"headline-2\"><i class=\"fa fa-map-marker-alt font-size-20\" style=\"margin-right:10px;transform: translateY(-2px);\"><\/i>Rr.Mehmet Gradica, Prishtin\u00eb<\/h3><div class=\"desc\">P\u00ebr ata q\u00eb d\u00ebshirojn\u00eb takime fizike, na gjeni n\u00eb lokacionin m\u00eb sip\u00ebr.<\/div>            <div class=\"url-wrap\">\n                <a class=\"master-link  icon-right\" href=\"#\" >\n                                        <span>Lokacioni<\/span>\n                    <span class=\"icon fa fa-arrow-right\"><\/span>                <\/a>\n            <\/div>\n\n                        <\/div>\n        <\/div>\n\n        \t\t<\/div>\n\t\t\t\t<\/div>\n\t\t\t\t\t<\/div>\n\t\t<\/div>\n\t\t\t\t\t\t\t<\/div>\n\t\t<\/section>\n\t\t\t\t<section class=\"elementor-section elementor-top-section elementor-element elementor-element-96a691c elementor-section-stretched elementor-section-full_width elementor-section-height-default elementor-section-height-default\" data-id=\"96a691c\" data-element_type=\"section\" data-settings=\"{&quot;stretch_section&quot;:&quot;section-stretched&quot;,&quot;background_background&quot;:&quot;classic&quot;}\">\n\t\t\t\t\t\t<div class=\"elementor-container elementor-column-gap-default\">\n\t\t\t\t\t<div class=\"elementor-column elementor-col-100 elementor-top-column elementor-element elementor-element-b13ad66\" data-id=\"b13ad66\" data-element_type=\"column\">\n\t\t\t<div class=\"elementor-widget-wrap elementor-element-populated\">\n\t\t\t\t\t\t\t\t<div class=\"elementor-element elementor-element-87b8f14 elementor-widget elementor-widget-spacer\" data-id=\"87b8f14\" data-element_type=\"widget\" data-widget_type=\"spacer.default\">\n\t\t\t\t<div class=\"elementor-widget-container\">\n\t\t\t\t\t<div class=\"elementor-spacer\">\n\t\t\t<div class=\"elementor-spacer-inner\"><\/div>\n\t\t<\/div>\n\t\t\t\t<\/div>\n\t\t\t\t<\/div>\n\t\t\t\t<div class=\"elementor-element elementor-element-9e6389c elementor-widget elementor-widget-spacer\" data-id=\"9e6389c\" data-element_type=\"widget\" data-widget_type=\"spacer.default\">\n\t\t\t\t<div class=\"elementor-widget-container\">\n\t\t\t\t\t<div class=\"elementor-spacer\">\n\t\t\t<div class=\"elementor-spacer-inner\"><\/div>\n\t\t<\/div>\n\t\t\t\t<\/div>\n\t\t\t\t<\/div>\n\t\t\t\t<div class=\"elementor-element elementor-element-8950477 align-center elementor-widget elementor-widget-mae-headings\" data-id=\"8950477\" data-element_type=\"widget\" data-widget_type=\"mae-headings.default\">\n\t\t\t\t<div class=\"elementor-widget-container\">\n\t\t\t\t\t<div class=\"master-heading\">\n\t        \n\t        \t        <h2 class=\"main-heading\">T\u00eb dedikuar p\u00ebr t\u00eb ofruar nj\u00eb <span class=\"font-weight-600\"> sh\u00ebrbim cil\u00ebsor\u00eb p\u00ebr konsumator\u00ebt<\/span><\/h2>\n\t        \n\t        \n\t        \t    <\/div>\n\t    \t\t<\/div>\n\t\t\t\t<\/div>\n\t\t\t\t<div class=\"elementor-element elementor-element-ea33fdc elementor-widget elementor-widget-spacer\" data-id=\"ea33fdc\" data-element_type=\"widget\" data-widget_type=\"spacer.default\">\n\t\t\t\t<div class=\"elementor-widget-container\">\n\t\t\t\t\t<div class=\"elementor-spacer\">\n\t\t\t<div class=\"elementor-spacer-inner\"><\/div>\n\t\t<\/div>\n\t\t\t\t<\/div>\n\t\t\t\t<\/div>\n\t\t\t\t<div class=\"elementor-element elementor-element-d1d524f elementor-widget elementor-widget-spacer\" data-id=\"d1d524f\" data-element_type=\"widget\" data-widget_type=\"spacer.default\">\n\t\t\t\t<div class=\"elementor-widget-container\">\n\t\t\t\t\t<div class=\"elementor-spacer\">\n\t\t\t<div class=\"elementor-spacer-inner\"><\/div>\n\t\t<\/div>\n\t\t\t\t<\/div>\n\t\t\t\t<\/div>\n\t\t\t\t\t<\/div>\n\t\t<\/div>\n\t\t\t\t\t\t\t<\/div>\n\t\t<\/section>\n\t\t\t\t<section class=\"elementor-section elementor-top-section elementor-element elementor-element-da081fd elementor-section-boxed elementor-section-height-default elementor-section-height-default\" data-id=\"da081fd\" data-element_type=\"section\" data-settings=\"{&quot;background_background&quot;:&quot;classic&quot;}\">\n\t\t\t\t\t\t<div class=\"elementor-container elementor-column-gap-default\">\n\t\t\t\t\t<div class=\"elementor-column elementor-col-100 elementor-top-column elementor-element elementor-element-a39ba3a\" data-id=\"a39ba3a\" data-element_type=\"column\">\n\t\t\t<div class=\"elementor-widget-wrap elementor-element-populated\">\n\t\t\t\t\t\t\t\t<div class=\"elementor-element elementor-element-2a8918a elementor-widget elementor-widget-spacer\" data-id=\"2a8918a\" data-element_type=\"widget\" data-widget_type=\"spacer.default\">\n\t\t\t\t<div class=\"elementor-widget-container\">\n\t\t\t\t\t<div class=\"elementor-spacer\">\n\t\t\t<div class=\"elementor-spacer-inner\"><\/div>\n\t\t<\/div>\n\t\t\t\t<\/div>\n\t\t\t\t<\/div>\n\t\t\t\t<section class=\"elementor-section elementor-inner-section elementor-element elementor-element-402f479 elementor-section-boxed elementor-section-height-default elementor-section-height-default\" data-id=\"402f479\" data-element_type=\"section\">\n\t\t\t\t\t\t<div class=\"elementor-container elementor-column-gap-default\">\n\t\t\t\t\t<div class=\"elementor-column elementor-col-50 elementor-inner-column elementor-element elementor-element-d030bf7\" data-id=\"d030bf7\" data-element_type=\"column\">\n\t\t\t<div class=\"elementor-widget-wrap elementor-element-populated\">\n\t\t\t\t\t\t\t\t<div class=\"elementor-element elementor-element-1142bd0 align-left elementor-widget elementor-widget-mae-headings\" data-id=\"1142bd0\" data-element_type=\"widget\" data-widget_type=\"mae-headings.default\">\n\t\t\t\t<div class=\"elementor-widget-container\">\n\t\t\t\t\t<div class=\"master-heading\">\n\t        \n\t        \t        <h2 class=\"main-heading\">Ju lutem p\u00ebrdoreni edhe form\u00ebn e m\u00eb poshtme p\u00ebr t\u00eb shkruar direkt tek ne.<\/h2>\n\t        \n\t        \t        <div class=\"divider\"><\/div>\n\t        \n\t        \t            <div class=\"sub-heading\">Faleminderit q\u00eb keni shprehur interesim p\u00ebr t\u00eb bashk\u00ebpunuar me ne. \nJu mund t\u00eb na sh\u00ebnoni edhe n\u00eb: info@hbconsulting-ks.com\n\n<\/div>\n\t        \t    <\/div>\n\t    \t\t<\/div>\n\t\t\t\t<\/div>\n\t\t\t\t\t<\/div>\n\t\t<\/div>\n\t\t\t\t<div class=\"elementor-column elementor-col-50 elementor-inner-column elementor-element elementor-element-d1ef872\" data-id=\"d1ef872\" data-element_type=\"column\">\n\t\t\t<div class=\"elementor-widget-wrap elementor-element-populated\">\n\t\t\t\t\t\t\t\t<div class=\"elementor-element elementor-element-12e1eb8 elementor-widget elementor-widget-spacer\" data-id=\"12e1eb8\" data-element_type=\"widget\" data-widget_type=\"spacer.default\">\n\t\t\t\t<div class=\"elementor-widget-container\">\n\t\t\t\t\t<div class=\"elementor-spacer\">\n\t\t\t<div class=\"elementor-spacer-inner\"><\/div>\n\t\t<\/div>\n\t\t\t\t<\/div>\n\t\t\t\t<\/div>\n\t\t\t\t<div class=\"elementor-element elementor-element-8d0680a align-right cf7-style-2 elementor-widget elementor-widget-mae-contact-form-7\" data-id=\"8d0680a\" data-element_type=\"widget\" data-widget_type=\"mae-contact-form-7.default\">\n\t\t\t\t<div class=\"elementor-widget-container\">\n\t\t\t<div class=\"elementor-shortcode byron-cf7-0\"><div class=\"wpcf7 no-js\" id=\"wpcf7-f586-o1\" lang=\"en-US\" dir=\"ltr\">\n<div class=\"screen-reader-response\"><p role=\"status\" aria-live=\"polite\" aria-atomic=\"true\"><\/p> <ul><\/ul><\/div>\n<form action=\"\/index.php?rest_route=%2Fwp%2Fv2%2Fpages%2F1169#wpcf7-f586-o1\" method=\"post\" class=\"wpcf7-form init\" aria-label=\"Contact form\" novalidate=\"novalidate\" data-status=\"init\">\n<div style=\"display: none;\">\n<input type=\"hidden\" name=\"_wpcf7\" value=\"586\" \/>\n<input type=\"hidden\" name=\"_wpcf7_version\" value=\"5.7.2\" \/>\n<input type=\"hidden\" name=\"_wpcf7_locale\" value=\"en_US\" \/>\n<input type=\"hidden\" name=\"_wpcf7_unit_tag\" value=\"wpcf7-f586-o1\" \/>\n<input type=\"hidden\" name=\"_wpcf7_container_post\" value=\"0\" \/>\n<input type=\"hidden\" name=\"_wpcf7_posted_data_hash\" value=\"\" \/>\n<\/div>\n<div class=\"input-wrap\">\n\t<p><span class=\"wpcf7-form-control-wrap\" data-name=\"your-name\"><input size=\"40\" class=\"wpcf7-form-control wpcf7-text wpcf7-validates-as-required\" aria-required=\"true\" aria-invalid=\"false\" value=\"Emri juaj\" type=\"text\" name=\"your-name\" \/><\/span><span class=\"wpcf7-form-control-wrap\" data-name=\"tel-131\"><input size=\"40\" class=\"wpcf7-form-control wpcf7-text wpcf7-tel wpcf7-validates-as-tel\" aria-invalid=\"false\" value=\"Tel\" type=\"tel\" name=\"tel-131\" \/><\/span>\n\t<\/p>\n<\/div>\n<div class=\"input-wrap\">\n\t<p><span class=\"wpcf7-form-control-wrap\" data-name=\"your-email\"><input size=\"40\" class=\"wpcf7-form-control wpcf7-text wpcf7-email wpcf7-validates-as-required wpcf7-validates-as-email\" aria-required=\"true\" aria-invalid=\"false\" value=\"Emaili juaj\" type=\"email\" name=\"your-email\" \/><\/span><span class=\"wpcf7-form-control-wrap\" data-name=\"your-address\"><input size=\"40\" class=\"wpcf7-form-control wpcf7-text wpcf7-validates-as-required\" aria-required=\"true\" aria-invalid=\"false\" value=\"Adresa juaj\" type=\"text\" name=\"your-address\" \/><\/span>\n\t<\/p>\n<\/div>\n<p><span class=\"wpcf7-form-control-wrap\" data-name=\"your-message\"><textarea cols=\"40\" rows=\"10\" class=\"wpcf7-form-control wpcf7-textarea\" aria-invalid=\"false\" name=\"your-message\">Mesazhi juaj<\/textarea><\/span>\n<\/p>\n<p><button class=\"wpcf7-submit\">D\u00ebrgo<\/button>\n<\/p><div class=\"wpcf7-response-output\" aria-hidden=\"true\"><\/div><\/form><\/div><\/div>\t\t<\/div>\n\t\t\t\t<\/div>\n\t\t\t\t\t<\/div>\n\t\t<\/div>\n\t\t\t\t\t\t\t<\/div>\n\t\t<\/section>\n\t\t\t\t<div class=\"elementor-element elementor-element-eda66ab elementor-widget elementor-widget-spacer\" data-id=\"eda66ab\" data-element_type=\"widget\" data-widget_type=\"spacer.default\">\n\t\t\t\t<div class=\"elementor-widget-container\">\n\t\t\t\t\t<div class=\"elementor-spacer\">\n\t\t\t<div class=\"elementor-spacer-inner\"><\/div>\n\t\t<\/div>\n\t\t\t\t<\/div>\n\t\t\t\t<\/div>\n\t\t\t\t\t<\/div>\n\t\t<\/div>\n\t\t\t\t\t\t\t<\/div>\n\t\t<\/section>\n\t\t\t\t<section class=\"elementor-section elementor-top-section elementor-element elementor-element-30b9dcf elementor-section-stretched elementor-section-full_width elementor-section-height-default elementor-section-height-default\" data-id=\"30b9dcf\" data-element_type=\"section\" data-settings=\"{&quot;stretch_section&quot;:&quot;section-stretched&quot;,&quot;background_background&quot;:&quot;classic&quot;}\">\n\t\t\t\t\t\t<div class=\"elementor-container elementor-column-gap-default\">\n\t\t\t\t\t<div class=\"elementor-column elementor-col-100 elementor-top-column elementor-element elementor-element-d418819\" data-id=\"d418819\" data-element_type=\"column\">\n\t\t\t<div class=\"elementor-widget-wrap elementor-element-populated\">\n\t\t\t\t\t\t\t\t<div class=\"elementor-element elementor-element-e84e166 elementor-widget elementor-widget-spacer\" data-id=\"e84e166\" data-element_type=\"widget\" data-widget_type=\"spacer.default\">\n\t\t\t\t<div class=\"elementor-widget-container\">\n\t\t\t\t\t<div class=\"elementor-spacer\">\n\t\t\t<div class=\"elementor-spacer-inner\"><\/div>\n\t\t<\/div>\n\t\t\t\t<\/div>\n\t\t\t\t<\/div>\n\t\t\t\t<section class=\"elementor-section elementor-inner-section elementor-element elementor-element-6881db4 elementor-section-boxed elementor-section-height-default elementor-section-height-default\" data-id=\"6881db4\" data-element_type=\"section\">\n\t\t\t\t\t\t<div class=\"elementor-container elementor-column-gap-default\">\n\t\t\t\t\t<div class=\"elementor-column elementor-col-100 elementor-inner-column elementor-element elementor-element-2a477c1\" data-id=\"2a477c1\" data-element_type=\"column\">\n\t\t\t<div class=\"elementor-widget-wrap elementor-element-populated\">\n\t\t\t\t\t\t\t\t<div class=\"elementor-element elementor-element-7b6a407 elementor-widget elementor-widget-mae-partner-carousel\" data-id=\"7b6a407\" data-element_type=\"widget\" data-widget_type=\"mae-partner-carousel.default\">\n\t\t\t\t<div class=\"elementor-widget-container\">\n\t\t\t\n        <div class=\"master-carousel-box\" data-config='{\"column\":\"4\",\"gap\":\"30px\",\"arrowPosition\":null,\"arrowMiddleOffset\":null,\"arrowTopOffset\":null,\"dotOffset\":null,\"fullRight\":false,\"autoPlay\":true,\"prevNextButtons\":false,\"pageDots\":false}'>\n                            <div class=\"master-partner item-carousel\">\n                    <a href=\"#\">\n                        <img decoding=\"async\" alt=\"Logo\" src=\"https:\/\/ninzio.com\/byron\/wp-content\/uploads\/2020\/08\/partner-05.png\" \/>\n                    <\/a>\n                <\/div>\n                            <div class=\"master-partner item-carousel\">\n                    <a href=\"#\">\n                        <img decoding=\"async\" alt=\"Logo\" src=\"https:\/\/ninzio.com\/byron\/wp-content\/uploads\/2020\/08\/partner-06.png\" \/>\n                    <\/a>\n                <\/div>\n                            <div class=\"master-partner item-carousel\">\n                    <a href=\"#\">\n                        <img decoding=\"async\" alt=\"Logo\" src=\"https:\/\/ninzio.com\/byron\/wp-content\/uploads\/2020\/08\/partner-07.png\" \/>\n                    <\/a>\n                <\/div>\n                            <div class=\"master-partner item-carousel\">\n                    <a href=\"#\">\n                        <img decoding=\"async\" alt=\"Logo\" src=\"https:\/\/ninzio.com\/byron\/wp-content\/uploads\/2020\/08\/partner-08.png\" \/>\n                    <\/a>\n                <\/div>\n                    <\/div>\n\n        \t\t<\/div>\n\t\t\t\t<\/div>\n\t\t\t\t\t<\/div>\n\t\t<\/div>\n\t\t\t\t\t\t\t<\/div>\n\t\t<\/section>\n\t\t\t\t<div class=\"elementor-element elementor-element-0da71f4 elementor-widget elementor-widget-spacer\" data-id=\"0da71f4\" data-element_type=\"widget\" data-widget_type=\"spacer.default\">\n\t\t\t\t<div class=\"elementor-widget-container\">\n\t\t\t\t\t<div class=\"elementor-spacer\">\n\t\t\t<div class=\"elementor-spacer-inner\"><\/div>\n\t\t<\/div>\n\t\t\t\t<\/div>\n\t\t\t\t<\/div>\n\t\t\t\t\t<\/div>\n\t\t<\/div>\n\t\t\t\t\t\t\t<\/div>\n\t\t<\/section>\n\t\t\t\t\t\t\t<\/div>\n\t\t","protected":false},"excerpt":{"rendered":"<p>T\u00eb hapur p\u00ebr takime Ne ofrojm\u00eb mund\u00ebsin\u00eb p\u00ebr takime falas p\u00ebr klient\u00ebt dhe partner\u00ebt ton\u00eb potencial. Prandaj shqyrtojeni k\u00ebt\u00eb mund\u00ebsi. Na kontaktoni +383(0)38 555 292 Ekipi i jon\u00eb i dedikuar ndaj konsumator\u00ebve \u00ebsht\u00eb i gatsh\u00ebm t\u00eb komunikoj me ju n\u00eb distanc\u00eb q\u00eb t&#8217;i zgjidh hallet tuaja. Thirrni<\/p>\n","protected":false},"author":1,"featured_media":0,"parent":0,"menu_order":0,"comment_status":"closed","ping_status":"closed","template":"","meta":{"footnotes":""},"class_list":["post-1169","page","type-page","status-publish","hentry"],"_links":{"self":[{"href":"https:\/\/hbconsulting-ks.com\/index.php?rest_route=\/wp\/v2\/pages\/1169","targetHints":{"allow":["GET"]}}],"collection":[{"href":"https:\/\/hbconsulting-ks.com\/index.php?rest_route=\/wp\/v2\/pages"}],"about":[{"href":"https:\/\/hbconsulting-ks.com\/index.php?rest_route=\/wp\/v2\/types\/page"}],"author":[{"embeddable":true,"href":"https:\/\/hbconsulting-ks.com\/index.php?rest_route=\/wp\/v2\/users\/1"}],"replies":[{"embeddable":true,"href":"https:\/\/hbconsulting-ks.com\/index.php?rest_route=%2Fwp%2Fv2%2Fcomments&post=1169"}],"version-history":[{"count":11,"href":"https:\/\/hbconsulting-ks.com\/index.php?rest_route=\/wp\/v2\/pages\/1169\/revisions"}],"predecessor-version":[{"id":2274,"href":"https:\/\/hbconsulting-ks.com\/index.php?rest_route=\/wp\/v2\/pages\/1169\/revisions\/2274"}],"wp:attachment":[{"href":"https:\/\/hbconsulting-ks.com\/index.php?rest_route=%2Fwp%2Fv2%2Fmedia&parent=1169"}],"curies":[{"name":"wp","href":"https:\/\/api.w.org\/{rel}","templated":true}]}}